{"id":7,"date":"2016-03-09T11:15:53","date_gmt":"2016-03-09T10:15:53","guid":{"rendered":"http:\/\/modal.msh-vdl.fr\/?page_id=7"},"modified":"2016-12-20T10:57:27","modified_gmt":"2016-12-20T09:57:27","slug":"propriete-intellectuelle","status":"publish","type":"page","link":"https:\/\/modal.msh-vdl.fr\/index.php\/propriete-intellectuelle\/","title":{"rendered":"Intellectual property"},"content":{"rendered":"<p>The Modal Corpus is freely accessible and modifiable, under the terms of the licence\u00a0<a href=\"https:\/\/creativecommons.org\/licenses\/by-sa\/4.0\/\">Creative Commons Attribution-NonCommercial ShareAlike 4.0\u00a0International<\/a>\u00a0\u00a0licence.<\/p>\n<p>When using data drawn from the Modal Corpus, please cite:<\/p>\n<p>1. (2016).\u00a0<i>Modal &#8211; Mod\u00e8les de l&rsquo;annotation de la Modalit\u00e9 \u00e0 l&rsquo;Oral<\/i>\u00a0[Corpus]. ORTOLANG (Open Resources and TOols for LANGuage) &#8211;\u00a0<a href=\"https:\/\/www.ortolang.fr\/\" target=\"_BLANK\">www.ortolang.fr<\/a>,\u00a0<a href=\"https:\/\/hdl.handle.net\/11403\/modal\" target=\"_BLANK\">https:\/\/hdl.handle.net\/11403\/modal<\/a>.<\/p>\n<p>as well as<\/p>\n<p>2. the following publication:<\/p>\n<pre style=\"padding-left: 30px;\">Ghia, E., L. Kloppenburg, M. Nissim, P. Pietrandrea, V. Cervoni (2016) A Construction-centered approach to the annotation of modality.\u00a0<em>Proceedings of the 12th<\/em><em>ISO Workshop on Interoperable Semantic Annotation.\u00a0<\/em>Portoroz, 29 may 2016.<\/pre>\n<p>Since the data are drawn from pre-existing sources, in order to ensure the traceability of these sources, please:<\/p>\n<ol>\n<li>include the following identifiers when using or modifying data drawn from the Modal Corpus:<\/li>\n<\/ol>\n<pre>MODAL- IT01,<a href=\"http:\/\/www.parlaritaliano.it\/index.php\/it\/visualizza-corpus?path=\/Roma\">LIPRC10<\/a>; MODAL- EN01,<a href=\"http:\/\/www.linguistics.ucsb.edu\/research\/santa-barbara-corpus\">SBC039<\/a>; MODAL-FR01- <a href=\"http:\/\/eslo.huma-num.fr\/index.php\/pagecorpus\/pagepresentationcorpus\">ESLO2SOUTENANCE<\/a>\r\n\r\nMODAL- IT02,<a href=\"http:\/\/www.parlaritaliano.it\/index.php\/it\/visualizza-corpus?path=\/Roma\">LIPRA7<\/a>; MODAL- EN02,<a href=\"http:\/\/www.linguistics.ucsb.edu\/research\/santa-barbara-corpus\">SBC008<\/a>; MODAL- FR02a1,<a href=\"http:\/\/eslo.huma-num.fr\/index.php\/pagecorpus\/pagepresentationcorpus\">ESLO24H_apresmiditravail<\/a>; \r\nMODAL- FR02a2,<a href=\"http:\/\/eslo.huma-num.fr\/index.php\/pagecorpus\/pagepresentationcorpus\">ESLO24H_apresmiditravail<\/a>; MODAL- FR02b,OTG1AP0316; MODAL- FR02c,UBS028\r\n\r\nMODAL- IT03,<a href=\"http:\/\/www.parlaritaliano.it\/index.php\/it\/visualizza-corpus?path=\/Roma\">LIPRE11<\/a>; MODAL- EN03,<a href=\"http:\/\/www.linguistics.ucsb.edu\/research\/santa-barbara-corpus\">SBC053<\/a>; MODAL- FR03,<a href=\"http:\/\/eslo.huma-num.fr\/index.php\/pagecorpus\/pagepresentationcorpus\">ESLO2MEDIA13<\/a>\r\n\r\nMODAL- IT04,<a href=\"http:\/\/www.parlaritaliano.it\/index.php\/it\/visualizza-corpus?path=\/Roma\">LIPRA1<\/a>; MODAL- EN04,<a href=\"http:\/\/www.linguistics.ucsb.edu\/research\/santa-barbara-corpus\">SBC007<\/a>; MODAL- FR04,<a href=\"http:\/\/eslo.huma-num.fr\/index.php\/pagecorpus\/pagepresentationcorpus\">ESLO224DEBUTJOURNEE<\/a>\r\n\r\nMODAL- IT05,<a href=\"http:\/\/www.parlaritaliano.it\/index.php\/it\/visualizza-corpus?path=\/Firenze\">LIPFA1<\/a>; MODAL- EN05,<a href=\"http:\/\/www.linguistics.ucsb.edu\/research\/santa-barbara-corpus\">SBC019<\/a>; MODAL- FR05,<a href=\"http:\/\/eslo.huma-num.fr\/index.php\/pagecorpus\/pagepresentationcorpus\">ESLO2REP0102<\/a>\r\n\r\nMODAL- IT06,<a href=\"http:\/\/www.parlaritaliano.it\/index.php\/it\/visualizza-corpus?path=\/Roma\">LIPRA3<\/a>; MODAL- EN06,<a href=\"http:\/\/www.linguistics.ucsb.edu\/research\/santa-barbara-corpus\">SBC002<\/a>; MODAL- FR06,<a href=\"http:\/\/eslo.huma-num.fr\/index.php\/pagecorpus\/pagepresentationcorpus\">ESLO2REP22<\/a><\/pre>\n<p>The identifiers above are annotated as attributes of the\u00a0modal constructions:\u00a0they can be easily recovered by browsing or searching the corpus through the Analec tool.<\/p>\n<p>2. include\u00a0the reference to the following webpages when using data drawn from one of the source corpora:<\/p>\n<pre>For data drawn from the VoLip Corpus (ITLIP) \u00a0\r\nhttp:\/\/www.parlaritaliano.it\/index.php\/it\/volip\u00a0\r\n\r\nFor data drawn from the Santa Barbara Corpus (ENSBC)\r\nhttp:\/\/www.linguistics.ucsb.edu\/research\/santa-barbara-corpus\r\n\r\nFor data drawn from the ESLO Corpus (FRESLO)\r\nhttp:\/\/eslo.huma-num.fr\r\n\r\nFor data drawn from the Accueil UBS (FRUBS) \r\nhttp:\/\/www.info.univ-tours.fr\/~antoine\/parole_publique\/Accueil_UBS\/index.html\r\n\r\nFor data drawn from the OTG Corpus (FROTG)\r\nhttp:\/\/www.info.univ-tours.fr\/~antoine\/parole_publique\/OTG\/index.html<\/pre>\n<p><\/p>","protected":false},"excerpt":{"rendered":"<p>The Modal Corpus is freely accessible and modifiable, under the terms of the licence\u00a0Creative Commons Attribution-NonCommercial ShareAlike 4.0\u00a0International\u00a0\u00a0licence. When using data drawn from the Modal Corpus, please cite: 1. (2016).\u00a0Modal &#8211; Mod\u00e8les de l&rsquo;annotation de la Modalit\u00e9 \u00e0 l&rsquo;Oral\u00a0[Corpus]. ORTOLANG (Open Resources and TOols for LANGuage) &#8211;\u00a0www.ortolang.fr,\u00a0https:\/\/hdl.handle.net\/11403\/modal. as well as 2. the following publication: Ghia, &hellip; <a href=\"https:\/\/modal.msh-vdl.fr\/index.php\/propriete-intellectuelle\/\" class=\"more-link\">Continuer la lecture<span class=\"screen-reader-text\"> de &laquo;&nbsp;Intellectual property&nbsp;&raquo;<\/span><\/a><\/p>\n","protected":false},"author":1,"featured_media":0,"parent":0,"menu_order":0,"comment_status":"closed","ping_status":"closed","template":"","meta":{"footnotes":""},"class_list":["post-7","page","type-page","status-publish","hentry"],"_links":{"self":[{"href":"https:\/\/modal.msh-vdl.fr\/index.php\/wp-json\/wp\/v2\/pages\/7","targetHints":{"allow":["GET"]}}],"collection":[{"href":"https:\/\/modal.msh-vdl.fr\/index.php\/wp-json\/wp\/v2\/pages"}],"about":[{"href":"https:\/\/modal.msh-vdl.fr\/index.php\/wp-json\/wp\/v2\/types\/page"}],"author":[{"embeddable":true,"href":"https:\/\/modal.msh-vdl.fr\/index.php\/wp-json\/wp\/v2\/users\/1"}],"replies":[{"embeddable":true,"href":"https:\/\/modal.msh-vdl.fr\/index.php\/wp-json\/wp\/v2\/comments?post=7"}],"version-history":[{"count":13,"href":"https:\/\/modal.msh-vdl.fr\/index.php\/wp-json\/wp\/v2\/pages\/7\/revisions"}],"predecessor-version":[{"id":228,"href":"https:\/\/modal.msh-vdl.fr\/index.php\/wp-json\/wp\/v2\/pages\/7\/revisions\/228"}],"wp:attachment":[{"href":"https:\/\/modal.msh-vdl.fr\/index.php\/wp-json\/wp\/v2\/media?parent=7"}],"curies":[{"name":"wp","href":"https:\/\/api.w.org\/{rel}","templated":true}]}}