{"id":18,"date":"2016-03-09T12:03:29","date_gmt":"2016-03-09T11:03:29","guid":{"rendered":"http:\/\/modal.msh-vdl.fr\/?page_id=18"},"modified":"2016-03-09T12:26:48","modified_gmt":"2016-03-09T11:26:48","slug":"english-mentions-legales","status":"publish","type":"page","link":"https:\/\/modal.msh-vdl.fr\/index.php\/english-mentions-legales\/","title":{"rendered":"Mentions l\u00e9gales"},"content":{"rendered":"<p>Laboratoire Lig\u00e9rien de Linguistique<\/p>\n<p>Universit\u00e9 d&rsquo;Orl\u00e9ans<\/p>\n<p>UFR LLSH, 10 Rue de Tours &#8211; BP 46527<\/p>\n<p>45065 Orl\u00e9ans cedex 2<\/p>\n<p>Directeur de la publication : Paola Pietrandrea<\/p>\n<p><strong>Donn\u00e9es personnelles et informations nominatives<\/strong><\/p>\n<p>Les donn\u00e9es personnelles recueillies sur le site r\u00e9sultent de la communication volontaire d&rsquo;une adresse de courrier \u00e9lectronique lors du d\u00e9p\u00f4t d&rsquo;un message \u00e9lectronique ou de l&rsquo;abonnement \u00e0 la lettre d&rsquo;information. Les courriels ainsi recueillis ne servent qu&rsquo;\u00e0 transmettre les \u00e9l\u00e9ments d&rsquo;informations demand\u00e9s.<\/p>\n<p>Conform\u00e9ment \u00e0 l&rsquo;article 34 de la Loi \u00ab\u00a0Informatique et Libert\u00e9s\u00a0\u00bb n\u00b0 78-17 du 6 janvier 1978, modifi\u00e9e le 6 ao\u00fbt 2004, vous disposez d&rsquo;un droit d&rsquo;acc\u00e8s, de modification, de rectification et de suppression des donn\u00e9es qui vous concernent.<\/p>\n<p>Vous pouvez l&rsquo;exercer sur simple demande \u00e9crite \u00e0 l&rsquo;adresse suivante :<\/p>\n<p>Laboratoire Lig\u00e9rien de Linguistique<\/p>\n<p>Universit\u00e9 d&rsquo;Orl\u00e9ans<\/p>\n<p>UFR LLSH, 10 Rue de Tours &#8211; BP 46527<\/p>\n<p>45065 Orl\u00e9ans cedex 2<\/p>\n<p><strong>L\u00e9gislation<\/strong><\/p>\n<p>En application de la loi du 11 mars 1957 (art. 41) et du code de la propri\u00e9t\u00e9 intellectuelle du 1er juillet 1992, toute reproduction partielle ou totale \u00e0 usage collectif est strictement interdite sans autorisation du Laboratoire Lig\u00e9rien de Linguistique.<\/p>\n<p><strong>Mise \u00e0 jour<\/strong><\/p>\n<p>La mise \u00e0 jour du site est r\u00e9alis\u00e9e quotidiennement par Paola Pietrandrea (pietrandrea-guerrini@univ-tours.fr)<\/p>\n<p><strong>H\u00e9bergement<\/strong><\/p>\n<p>Universit\u00e9 Fran\u00e7ois-Rabelais<br \/>\nDirection des Technologies de l&rsquo;Information et de la Communication (DTIC)<br \/>\n60, Rue du Plat d&rsquo;Etain BP 12050<br \/>\n37020 TOURS CEDEX 1<br \/>\n<a href=\"mailto:service.informatique@univ-tours.fr\">service.informatique@univ-tours.fr<\/a><\/p>\n<p><strong>R\u00e9alisation<\/strong><\/p>\n<p>Site r\u00e9alis\u00e9 avec WordPress par l\u2019atelier num\u00e9rique de la Maison des Sciences de l\u2019Homme Val de Loire (USR 3501).<\/p>","protected":false},"excerpt":{"rendered":"<p>Laboratoire Lig\u00e9rien de Linguistique Universit\u00e9 d&rsquo;Orl\u00e9ans UFR LLSH, 10 Rue de Tours &#8211; BP 46527 45065 Orl\u00e9ans cedex 2 Directeur de la publication : Paola Pietrandrea Donn\u00e9es personnelles et informations nominatives Les donn\u00e9es personnelles recueillies sur le site r\u00e9sultent de la communication volontaire d&rsquo;une adresse de courrier \u00e9lectronique lors du d\u00e9p\u00f4t d&rsquo;un message \u00e9lectronique ou &hellip; <a href=\"https:\/\/modal.msh-vdl.fr\/index.php\/english-mentions-legales\/\" class=\"more-link\">Continuer la lecture<span class=\"screen-reader-text\"> de &laquo;&nbsp;Mentions l\u00e9gales&nbsp;&raquo;<\/span><\/a><\/p>\n","protected":false},"author":1,"featured_media":0,"parent":0,"menu_order":0,"comment_status":"closed","ping_status":"closed","template":"","meta":{"footnotes":""},"class_list":["post-18","page","type-page","status-publish","hentry"],"_links":{"self":[{"href":"https:\/\/modal.msh-vdl.fr\/index.php\/wp-json\/wp\/v2\/pages\/18","targetHints":{"allow":["GET"]}}],"collection":[{"href":"https:\/\/modal.msh-vdl.fr\/index.php\/wp-json\/wp\/v2\/pages"}],"about":[{"href":"https:\/\/modal.msh-vdl.fr\/index.php\/wp-json\/wp\/v2\/types\/page"}],"author":[{"embeddable":true,"href":"https:\/\/modal.msh-vdl.fr\/index.php\/wp-json\/wp\/v2\/users\/1"}],"replies":[{"embeddable":true,"href":"https:\/\/modal.msh-vdl.fr\/index.php\/wp-json\/wp\/v2\/comments?post=18"}],"version-history":[{"count":2,"href":"https:\/\/modal.msh-vdl.fr\/index.php\/wp-json\/wp\/v2\/pages\/18\/revisions"}],"predecessor-version":[{"id":25,"href":"https:\/\/modal.msh-vdl.fr\/index.php\/wp-json\/wp\/v2\/pages\/18\/revisions\/25"}],"wp:attachment":[{"href":"https:\/\/modal.msh-vdl.fr\/index.php\/wp-json\/wp\/v2\/media?parent=18"}],"curies":[{"name":"wp","href":"https:\/\/api.w.org\/{rel}","templated":true}]}}